{"id":1321,"date":"2025-09-01T17:49:27","date_gmt":"2025-09-01T17:49:27","guid":{"rendered":"https:\/\/cmjorgani.com\/DoconCall\/?page_id=1321"},"modified":"2026-03-19T11:19:20","modified_gmt":"2026-03-19T11:19:20","slug":"tienda","status":"publish","type":"page","link":"https:\/\/cmjorgani.com\/DoconCall\/tienda\/","title":{"rendered":"TIENDA"},"content":{"rendered":"\t\t<div data-elementor-type=\"wp-page\" data-elementor-id=\"1321\" class=\"elementor elementor-1321\" data-elementor-settings=\"{&quot;element_pack_global_tooltip_width&quot;:{&quot;unit&quot;:&quot;px&quot;,&quot;size&quot;:&quot;&quot;,&quot;sizes&quot;:[]},&quot;element_pack_global_tooltip_width_tablet&quot;:{&quot;unit&quot;:&quot;px&quot;,&quot;size&quot;:&quot;&quot;,&quot;sizes&quot;:[]},&quot;element_pack_global_tooltip_width_mobile&quot;:{&quot;unit&quot;:&quot;px&quot;,&quot;size&quot;:&quot;&quot;,&quot;sizes&quot;:[]},&quot;element_pack_global_tooltip_padding&quot;:{&quot;unit&quot;:&quot;px&quot;,&quot;top&quot;:&quot;&quot;,&quot;right&quot;:&quot;&quot;,&quot;bottom&quot;:&quot;&quot;,&quot;left&quot;:&quot;&quot;,&quot;isLinked&quot;:true},&quot;element_pack_global_tooltip_padding_tablet&quot;:{&quot;unit&quot;:&quot;px&quot;,&quot;top&quot;:&quot;&quot;,&quot;right&quot;:&quot;&quot;,&quot;bottom&quot;:&quot;&quot;,&quot;left&quot;:&quot;&quot;,&quot;isLinked&quot;:true},&quot;element_pack_global_tooltip_padding_mobile&quot;:{&quot;unit&quot;:&quot;px&quot;,&quot;top&quot;:&quot;&quot;,&quot;right&quot;:&quot;&quot;,&quot;bottom&quot;:&quot;&quot;,&quot;left&quot;:&quot;&quot;,&quot;isLinked&quot;:true},&quot;element_pack_global_tooltip_border_radius&quot;:{&quot;unit&quot;:&quot;px&quot;,&quot;top&quot;:&quot;&quot;,&quot;right&quot;:&quot;&quot;,&quot;bottom&quot;:&quot;&quot;,&quot;left&quot;:&quot;&quot;,&quot;isLinked&quot;:true},&quot;element_pack_global_tooltip_border_radius_tablet&quot;:{&quot;unit&quot;:&quot;px&quot;,&quot;top&quot;:&quot;&quot;,&quot;right&quot;:&quot;&quot;,&quot;bottom&quot;:&quot;&quot;,&quot;left&quot;:&quot;&quot;,&quot;isLinked&quot;:true},&quot;element_pack_global_tooltip_border_radius_mobile&quot;:{&quot;unit&quot;:&quot;px&quot;,&quot;top&quot;:&quot;&quot;,&quot;right&quot;:&quot;&quot;,&quot;bottom&quot;:&quot;&quot;,&quot;left&quot;:&quot;&quot;,&quot;isLinked&quot;:true}}\" data-elementor-post-type=\"page\">\n\t\t\t\t<div class=\"elementor-element elementor-element-d5e24d5 e-flex e-con-boxed e-con e-parent\" data-id=\"d5e24d5\" data-element_type=\"container\">\n\t\t\t\t\t<div class=\"e-con-inner\">\n\t\t<div class=\"elementor-element elementor-element-fc99033 e-con-full e-flex e-con e-child\" data-id=\"fc99033\" data-element_type=\"container\">\n\t\t\t\t<div class=\"elementor-element elementor-element-3773696 elementor-widget elementor-widget-heading\" data-id=\"3773696\" data-element_type=\"widget\" data-widget_type=\"heading.default\">\n\t\t\t\t\t<h1 class=\"elementor-heading-title elementor-size-default\">Tienda DocOnCall<\/h1>\t\t\t\t<\/div>\n\t\t\t\t<div class=\"elementor-element elementor-element-83cb566 elementor-widget elementor-widget-bdt-product-grid\" data-id=\"83cb566\" data-element_type=\"widget\" data-widget_type=\"bdt-product-grid.default\">\n\t\t\t\t\t\t\t<div class=\"bdt-ep-product-grid\">\n\t\t\t\t\t\t\t<div class=\"bdt-ep-product-grid-item bdt-flex bdt-flex-column elementor-repeater-item-6d2c1a7 \">\n\t\t\t\t\t\t\t<div class=\"bdt-ep-product-grid-image bdt-flex-inline\">\n\n\t\t\t<img fetchpriority=\"high\" decoding=\"async\" width=\"600\" height=\"300\" src=\"https:\/\/cmjorgani.com\/DoconCall\/wp-content\/uploads\/2025\/09\/doconcall-product-PLUS-600X300.jpg\" class=\"attachment-full size-full\" alt=\"\" srcset=\"https:\/\/cmjorgani.com\/DoconCall\/wp-content\/uploads\/2025\/09\/doconcall-product-PLUS-600X300.jpg 600w, https:\/\/cmjorgani.com\/DoconCall\/wp-content\/uploads\/2025\/09\/doconcall-product-PLUS-600X300-300x150.jpg 300w\" sizes=\"(max-width: 600px) 100vw, 600px\" \/>\n\t\t\t\t\t<\/div>\n\t\t\t\t\t\t\t<div class=\"bdt-ep-product-grid-content bdt-flex bdt-flex-column bdt-flex-between\">\n\t\t\t\t\t\t<div>\n\t\t\t\t\t\t\t<div class=\"bdt-ep-product-grid-title-price\">\n\t\t\t\t\t\t\t\t\t\t\t\t\t\t\t\t\t\t\t\t\t<div class=\"bdt-ep-product-grid-price\">\n\t\t\t\t18\u20ac\t\t\t<\/div>\n\t\t\t\t\t\t\t\t\t\t<\/div>\n\t\t\t\t\t\t\t\t\t\t\t\t<div class=\"bdt-ep-product-grid-text\">\n\t\t\t\t<p><strong>1 semana (7 d\u00edas) por persona.<\/strong><\/p><h5><strong>Consultas en domicilio las 24 horas<\/strong><\/h5><p>Consulta m\u00e9dica de 9am a 7pm sin cita previa en nuestros centros de Playa Blanca, Puerto del Carmen y Costa Teguise.<\/p><p>Videoconsulta<\/p><p>Receta electr\u00f3nica, informe m\u00e9dico (puede solicitar copia en su lengua materna)<\/p><p>Certificados m\u00e9dicos<\/p><p>Revisiones<\/p><p>Procedimientos de enfermer\u00eda<\/p>\t\t\t<\/div>\n\t\t\t\t\t\t\t\t\t\t\t\t\t\t\t<div class=\"bdt-ep-product-grid-readmore-wrap\">\n\t\t\t\t<a class=\"bdt-ep-product-grid-readmore \" href=\"https:\/\/cmjorgani.com\/DoconCall\/product\/doconcall-plus\/\">\n\t\t\t\t\tM\u00c1S INFORMACI\u00d3N AQU\u00cd\t\t\t\t\t\t\t\t\t<\/a>\n\t\t\t<\/div>\n\t\t\t\t\t\t\t\t\t<\/div>\n\t\t\t\t\t\t<div class=\"bdt-ep-product-grid-rating-time bdt-flex bdt-flex-middle bdt-flex-between bdt-flex-wrap\">\n\t\t\t\t\t\t\t\t\t\t\t\t\t\t\t\t\t\t\t\t<\/div>\n\t\t\t\t\t<\/div>\n\t\t\t\t\t\t\t\t\t\t\t\t\t\t\t\t\t<\/div>\n\n\t\t\t\t\t<\/div>\n\t\t\t\t\t\t<\/div>\n\t\t\t\t<\/div>\n\t\t\t\t\t<\/div>\n\t\t\t\t<\/div>\n\t\t<div class=\"elementor-element elementor-element-d6fe8cd elementor-hidden-desktop elementor-hidden-tablet elementor-hidden-mobile e-flex e-con-boxed e-con e-parent\" data-id=\"d6fe8cd\" data-element_type=\"container\">\n\t\t\t\t\t<div class=\"e-con-inner\">\n\t\t<div class=\"elementor-element elementor-element-5853a06 e-con-full e-flex e-con e-child\" data-id=\"5853a06\" data-element_type=\"container\">\n\t\t\t\t<div class=\"elementor-element elementor-element-5309096 elementor-widget elementor-widget-heading\" data-id=\"5309096\" data-element_type=\"widget\" data-widget_type=\"heading.default\">\n\t\t\t\t\t<h1 class=\"elementor-heading-title elementor-size-default\">Tienda DocOnCall<\/h1>\t\t\t\t<\/div>\n\t\t\t\t<div class=\"elementor-element elementor-element-e83a67e elementor-widget elementor-widget-bdt-product-grid\" data-id=\"e83a67e\" data-element_type=\"widget\" data-widget_type=\"bdt-product-grid.default\">\n\t\t\t\t\t\t\t<div class=\"bdt-ep-product-grid\">\n\t\t\t\t\t\t\t<div class=\"bdt-ep-product-grid-item bdt-flex bdt-flex-column elementor-repeater-item-4c08013 \">\n\t\t\t\t\t\t\t<div class=\"bdt-ep-product-grid-image bdt-flex-inline\">\n\n\t\t\t<img decoding=\"async\" width=\"600\" height=\"300\" src=\"https:\/\/cmjorgani.com\/DoconCall\/wp-content\/uploads\/2025\/09\/doconcall-product-basic-600X300.jpg\" class=\"attachment-full size-full\" alt=\"\" srcset=\"https:\/\/cmjorgani.com\/DoconCall\/wp-content\/uploads\/2025\/09\/doconcall-product-basic-600X300.jpg 600w, https:\/\/cmjorgani.com\/DoconCall\/wp-content\/uploads\/2025\/09\/doconcall-product-basic-600X300-300x150.jpg 300w\" sizes=\"(max-width: 600px) 100vw, 600px\" \/>\n\t\t\t\t\t<\/div>\n\t\t\t\t\t\t\t<div class=\"bdt-ep-product-grid-content bdt-flex bdt-flex-column bdt-flex-between\">\n\t\t\t\t\t\t<div>\n\t\t\t\t\t\t\t<div class=\"bdt-ep-product-grid-title-price\">\n\t\t\t\t\t\t\t\t\t\t\t\t\t\t\t\t\t\t\t\t\t<div class=\"bdt-ep-product-grid-price\">\n\t\t\t\t10\u20ac\t\t\t<\/div>\n\t\t\t\t\t\t\t\t\t\t<\/div>\n\t\t\t\t\t\t\t\t\t\t\t\t<div class=\"bdt-ep-product-grid-text\">\n\t\t\t\t<p><strong>1 semana (7 d\u00edas) por persona.<\/strong><\/p><p>Consulta m\u00e9dica de 9am a 7pm sin cita previa en nuestros centros de Playa Blanca, Puerto del Carmen y Costa Teguise.<\/p><p>Videoconsulta\u00a0<\/p><p>Receta electr\u00f3nica<\/p><p>Informe m\u00e9dico (puede solicitar copia en su lengua materna)<\/p><p>Certificados m\u00e9dicos<\/p><p>Revisiones<\/p>\t\t\t<\/div>\n\t\t\t\t\t\t\t\t\t\t\t\t\t\t\t<div class=\"bdt-ep-product-grid-readmore-wrap\">\n\t\t\t\t<a class=\"bdt-ep-product-grid-readmore \" href=\"https:\/\/cmjorgani.com\/DoconCall\/product\/doconcall-basic\/\">\n\t\t\t\t\tM\u00c1S INFORMACI\u00d3N AQU\u00cd\t\t\t\t\t\t\t\t\t<\/a>\n\t\t\t<\/div>\n\t\t\t\t\t\t\t\t\t<\/div>\n\t\t\t\t\t\t<div class=\"bdt-ep-product-grid-rating-time bdt-flex bdt-flex-middle bdt-flex-between bdt-flex-wrap\">\n\t\t\t\t\t\t\t\t\t\t\t\t\t\t\t\t\t\t\t\t<\/div>\n\t\t\t\t\t<\/div>\n\t\t\t\t\t\t\t\t\t\t\t\t\t\t\t\t\t<\/div>\n\n\t\t\t\t\t\t\t<div class=\"bdt-ep-product-grid-item bdt-flex bdt-flex-column elementor-repeater-item-6d2c1a7 \">\n\t\t\t\t\t\t\t<div class=\"bdt-ep-product-grid-image bdt-flex-inline bdt-ep-product-grid-image bdt-flex-inline\">\n\n\t\t\t<img fetchpriority=\"high\" decoding=\"async\" width=\"600\" height=\"300\" src=\"https:\/\/cmjorgani.com\/DoconCall\/wp-content\/uploads\/2025\/09\/doconcall-product-PLUS-600X300.jpg\" class=\"attachment-full size-full\" alt=\"\" srcset=\"https:\/\/cmjorgani.com\/DoconCall\/wp-content\/uploads\/2025\/09\/doconcall-product-PLUS-600X300.jpg 600w, https:\/\/cmjorgani.com\/DoconCall\/wp-content\/uploads\/2025\/09\/doconcall-product-PLUS-600X300-300x150.jpg 300w\" sizes=\"(max-width: 600px) 100vw, 600px\" \/>\n\t\t\t\t\t<\/div>\n\t\t\t\t\t\t\t<div class=\"bdt-ep-product-grid-content bdt-flex bdt-flex-column bdt-flex-between\">\n\t\t\t\t\t\t<div>\n\t\t\t\t\t\t\t<div class=\"bdt-ep-product-grid-title-price\">\n\t\t\t\t\t\t\t\t\t\t\t\t\t\t\t\t\t\t\t\t\t<div class=\"bdt-ep-product-grid-price\">\n\t\t\t\t18\u20ac\t\t\t<\/div>\n\t\t\t\t\t\t\t\t\t\t<\/div>\n\t\t\t\t\t\t\t\t\t\t\t\t<div class=\"bdt-ep-product-grid-text\">\n\t\t\t\t<p><strong>1 semana (7 d\u00edas) por persona.<\/strong><\/p><h5><strong>Consultas en domicilio las 24 horas<\/strong><\/h5><p>Consulta m\u00e9dica de 9am a 7pm sin cita previa en nuestros centros de Playa Blanca, Puerto del Carmen y Costa Teguise.<\/p><p>Videoconsulta<\/p><p>Receta electr\u00f3nica, informe m\u00e9dico (puede solicitar copia en su lengua materna)<\/p><p>Certificados m\u00e9dicos<\/p><p>Revisiones<\/p><p>Procedimientos de enfermer\u00eda<\/p>\t\t\t<\/div>\n\t\t\t\t\t\t\t\t\t\t\t\t\t\t\t<div class=\"bdt-ep-product-grid-readmore-wrap\">\n\t\t\t\t<a class=\"bdt-ep-product-grid-readmore \" href=\"https:\/\/cmjorgani.com\/DoconCall\/product\/doconcall-plus\/\">\n\t\t\t\t\tM\u00c1S INFORMACI\u00d3N AQU\u00cd\t\t\t\t\t\t\t\t\t<\/a>\n\t\t\t<\/div>\n\t\t\t\t\t\t\t\t\t<\/div>\n\t\t\t\t\t\t<div class=\"bdt-ep-product-grid-rating-time bdt-flex bdt-flex-middle bdt-flex-between bdt-flex-wrap\">\n\t\t\t\t\t\t\t\t\t\t\t\t\t\t\t\t\t\t\t\t<\/div>\n\t\t\t\t\t<\/div>\n\t\t\t\t\t\t\t\t\t\t\t\t\t\t\t\t\t<\/div>\n\n\t\t\t\t\t<\/div>\n\t\t\t\t\t\t<\/div>\n\t\t\t\t<\/div>\n\t\t\t\t\t<\/div>\n\t\t\t\t<\/div>\n\t\t\t\t<\/div>\n\t\t","protected":false},"excerpt":{"rendered":"<p>Tienda DocOnCall 18\u20ac 1 semana (7 d\u00edas) por persona. Consultas en domicilio las 24 horas Consulta m\u00e9dica de 9am a [&hellip;]<\/p>\n","protected":false},"author":4,"featured_media":0,"parent":0,"menu_order":0,"comment_status":"closed","ping_status":"closed","template":"","meta":{"site-sidebar-layout":"no-sidebar","site-content-layout":"","ast-site-content-layout":"normal-width-container","site-content-style":"default","site-sidebar-style":"default","ast-global-header-display":"","ast-banner-title-visibility":"","ast-main-header-display":"","ast-hfb-above-header-display":"","ast-hfb-below-header-display":"","ast-hfb-mobile-header-display":"","site-post-title":"disabled","ast-breadcrumbs-content":"","ast-featured-img":"disabled","footer-sml-layout":"","ast-disable-related-posts":"","theme-transparent-header-meta":"default","adv-header-id-meta":"","stick-header-meta":"default","header-above-stick-meta":"","header-main-stick-meta":"","header-below-stick-meta":"","astra-migrate-meta-layouts":"set","ast-page-background-enabled":"default","ast-page-background-meta":{"desktop":{"background-color":"var(--ast-global-color-5)","background-image":"","background-repeat":"repeat","background-position":"center center","background-size":"auto","background-attachment":"scroll","background-type":"","background-media":"","overlay-type":"","overlay-color":"","overlay-opacity":"","overlay-gradient":""},"tablet":{"background-color":"","background-image":"","background-repeat":"repeat","background-position":"center center","background-size":"auto","background-attachment":"scroll","background-type":"","background-media":"","overlay-type":"","overlay-color":"","overlay-opacity":"","overlay-gradient":""},"mobile":{"background-color":"","background-image":"","background-repeat":"repeat","background-position":"center center","background-size":"auto","background-attachment":"scroll","background-type":"","background-media":"","overlay-type":"","overlay-color":"","overlay-opacity":"","overlay-gradient":""}},"ast-content-background-meta":{"desktop":{"background-color":"var(--ast-global-color-4)","background-image":"","background-repeat":"repeat","background-position":"center center","background-size":"auto","background-attachment":"scroll","background-type":"","background-media":"","overlay-type":"","overlay-color":"","overlay-opacity":"","overlay-gradient":""},"tablet":{"background-color":"var(--ast-global-color-4)","background-image":"","background-repeat":"repeat","background-position":"center center","background-size":"auto","background-attachment":"scroll","background-type":"","background-media":"","overlay-type":"","overlay-color":"","overlay-opacity":"","overlay-gradient":""},"mobile":{"background-color":"var(--ast-global-color-4)","background-image":"","background-repeat":"repeat","background-position":"center center","background-size":"auto","background-attachment":"scroll","background-type":"","background-media":"","overlay-type":"","overlay-color":"","overlay-opacity":"","overlay-gradient":""}},"_joinchat":[],"footnotes":""},"class_list":["post-1321","page","type-page","status-publish","hentry"],"_links":{"self":[{"href":"https:\/\/cmjorgani.com\/DoconCall\/wp-json\/wp\/v2\/pages\/1321","targetHints":{"allow":["GET"]}}],"collection":[{"href":"https:\/\/cmjorgani.com\/DoconCall\/wp-json\/wp\/v2\/pages"}],"about":[{"href":"https:\/\/cmjorgani.com\/DoconCall\/wp-json\/wp\/v2\/types\/page"}],"author":[{"embeddable":true,"href":"https:\/\/cmjorgani.com\/DoconCall\/wp-json\/wp\/v2\/users\/4"}],"replies":[{"embeddable":true,"href":"https:\/\/cmjorgani.com\/DoconCall\/wp-json\/wp\/v2\/comments?post=1321"}],"version-history":[{"count":6,"href":"https:\/\/cmjorgani.com\/DoconCall\/wp-json\/wp\/v2\/pages\/1321\/revisions"}],"predecessor-version":[{"id":2569,"href":"https:\/\/cmjorgani.com\/DoconCall\/wp-json\/wp\/v2\/pages\/1321\/revisions\/2569"}],"wp:attachment":[{"href":"https:\/\/cmjorgani.com\/DoconCall\/wp-json\/wp\/v2\/media?parent=1321"}],"curies":[{"name":"wp","href":"https:\/\/api.w.org\/{rel}","templated":true}]}}