{"id":2110,"date":"2025-09-23T07:42:56","date_gmt":"2025-09-23T06:42:56","guid":{"rendered":"https:\/\/cmjorgani.com\/DoconCall\/?page_id=2110"},"modified":"2025-09-25T07:21:27","modified_gmt":"2025-09-25T06:21:27","slug":"condiciones-generales","status":"publish","type":"page","link":"https:\/\/cmjorgani.com\/DoconCall\/condiciones-generales\/","title":{"rendered":"Condiciones Generales"},"content":{"rendered":"\t\t<div data-elementor-type=\"wp-page\" data-elementor-id=\"2110\" class=\"elementor elementor-2110\" data-elementor-settings=\"{&quot;element_pack_global_tooltip_width&quot;:{&quot;unit&quot;:&quot;px&quot;,&quot;size&quot;:&quot;&quot;,&quot;sizes&quot;:[]},&quot;element_pack_global_tooltip_width_tablet&quot;:{&quot;unit&quot;:&quot;px&quot;,&quot;size&quot;:&quot;&quot;,&quot;sizes&quot;:[]},&quot;element_pack_global_tooltip_width_mobile&quot;:{&quot;unit&quot;:&quot;px&quot;,&quot;size&quot;:&quot;&quot;,&quot;sizes&quot;:[]},&quot;element_pack_global_tooltip_padding&quot;:{&quot;unit&quot;:&quot;px&quot;,&quot;top&quot;:&quot;&quot;,&quot;right&quot;:&quot;&quot;,&quot;bottom&quot;:&quot;&quot;,&quot;left&quot;:&quot;&quot;,&quot;isLinked&quot;:true},&quot;element_pack_global_tooltip_padding_tablet&quot;:{&quot;unit&quot;:&quot;px&quot;,&quot;top&quot;:&quot;&quot;,&quot;right&quot;:&quot;&quot;,&quot;bottom&quot;:&quot;&quot;,&quot;left&quot;:&quot;&quot;,&quot;isLinked&quot;:true},&quot;element_pack_global_tooltip_padding_mobile&quot;:{&quot;unit&quot;:&quot;px&quot;,&quot;top&quot;:&quot;&quot;,&quot;right&quot;:&quot;&quot;,&quot;bottom&quot;:&quot;&quot;,&quot;left&quot;:&quot;&quot;,&quot;isLinked&quot;:true},&quot;element_pack_global_tooltip_border_radius&quot;:{&quot;unit&quot;:&quot;px&quot;,&quot;top&quot;:&quot;&quot;,&quot;right&quot;:&quot;&quot;,&quot;bottom&quot;:&quot;&quot;,&quot;left&quot;:&quot;&quot;,&quot;isLinked&quot;:true},&quot;element_pack_global_tooltip_border_radius_tablet&quot;:{&quot;unit&quot;:&quot;px&quot;,&quot;top&quot;:&quot;&quot;,&quot;right&quot;:&quot;&quot;,&quot;bottom&quot;:&quot;&quot;,&quot;left&quot;:&quot;&quot;,&quot;isLinked&quot;:true},&quot;element_pack_global_tooltip_border_radius_mobile&quot;:{&quot;unit&quot;:&quot;px&quot;,&quot;top&quot;:&quot;&quot;,&quot;right&quot;:&quot;&quot;,&quot;bottom&quot;:&quot;&quot;,&quot;left&quot;:&quot;&quot;,&quot;isLinked&quot;:true}}\" data-elementor-post-type=\"page\">\n\t\t\t\t<div class=\"elementor-element elementor-element-8e0aebc e-con-full e-flex e-con e-parent\" data-id=\"8e0aebc\" data-element_type=\"container\">\n\t\t<div class=\"elementor-element elementor-element-50f97e4 e-con-full e-flex e-con e-child\" data-id=\"50f97e4\" data-element_type=\"container\">\n\t\t\t\t<div class=\"elementor-element elementor-element-aba8e5f elementor-widget elementor-widget-heading\" data-id=\"aba8e5f\" data-element_type=\"widget\" data-widget_type=\"heading.default\">\n\t\t\t\t\t<h2 class=\"elementor-heading-title elementor-size-default\">Condiciones Generales del Sorteo<\/h2>\t\t\t\t<\/div>\n\t\t\t\t<\/div>\n\t\t\t\t<\/div>\n\t\t<div class=\"elementor-element elementor-element-c86e0d5 e-flex e-con-boxed e-con e-parent\" data-id=\"c86e0d5\" data-element_type=\"container\">\n\t\t\t\t\t<div class=\"e-con-inner\">\n\t\t<div class=\"elementor-element elementor-element-8a7689d e-con-full e-flex e-con e-child\" data-id=\"8a7689d\" data-element_type=\"container\">\n\t\t\t\t<div class=\"elementor-element elementor-element-43b9b97 elementor-widget elementor-widget-text-editor\" data-id=\"43b9b97\" data-element_type=\"widget\" data-widget_type=\"text-editor.default\">\n\t\t\t\t\t\t\t\t\t<p><strong>SERVICIOS M\u00c9DICOS JORGANI S.L.U, con CIF B35926682 y domicilio social en AVENIDA ISLAS CANARIAS 5, CENTRO COMERCIAL CALIPSO 35508, COSTA TEGUISE (LAS PALMAS), Espa\u00f1a, inscrita en el Registro Mercantil, en el tomo 368, folio 121, hoja IL8872 e inscripci\u00f3n 2 y con correo electr\u00f3nico de contacto con la empresa: direccion@cmjorgani.com, organiza una acci\u00f3n promocional para celebrar el aniversario de la empresa el pr\u00f3ximo 16 de abril de 2026.<\/strong><\/p><h2>1. Objeto\u00a0\u00a0 &#8211; Sorteo Promocional<\/h2><ul><li>Todos los clientes que adquieran un bono para asistencia m\u00e9dica a trav\u00e9s de DocOnCall participan gratuita y autom\u00e1ticamente en el sorteo de unas vacaciones gratis en Lanzarote.<\/li><li>Los participantes con Bono PLUS obtendr\u00e1n dos participaciones en lugar de una.<\/li><li>El sorteo se celebrar\u00e1 el 16 de abril de 2026, entre las 12:00 y las 12:30 horas con motivo del aniversario de la empresa, con m\u00e1s de 20 a\u00f1os de experiencia en el sector.<\/li><\/ul><h2>2. Identificaci\u00f3n del Cliente<\/h2><ul><li>Para acceder a los servicios es necesario que el cliente facilite datos ver\u00eddicos de identificaci\u00f3n (nombre, apellidos, documento de identidad, correo electr\u00f3nico, n\u00famero de tel\u00e9fono). El cliente se responsabiliza de la veracidad de la informaci\u00f3n aportada.<\/li><\/ul><h2>3. Duraci\u00f3n<\/h2><ul><li>La presente promoci\u00f3n comenzar\u00e1 desde el momento de la compra del bono de asistencia m\u00e9dica y concluir\u00e1 a todos los efectos el 16 de abril de 2026 a las 12:00horas.<\/li><\/ul><h2>4. \u00c1mbito Personal<\/h2><ul><li>Podr\u00e1n participar gratuitamente en la presente acci\u00f3n promocional todas las personas f\u00edsicas que, como clientes de DocOnCall, hayan adquirido un producto de asistencia m\u00e9dica (Bono B\u00e1sico o Bono Plus) antes de que concluya el plazo del sorteo indicado en el punto 3.<\/li><\/ul><h2>5. Mec\u00e1nica y Condiciones<\/h2><ul><li>Durante esta acci\u00f3n para celebrar el aniversario de Servicios M\u00e9dicos Jorgani S.L.U, todos los clientes que adquieran un bono de asistencia m\u00e9dica de DocOnCall participar\u00e1n de forma gratuita y autom\u00e1tica en el sorteo.<\/li><li>Cada bono estar\u00e1 vinculado a un c\u00f3digo \u00fanico, que ser\u00e1 incluido como participaci\u00f3n en el sorteo. En el caso del producto DocOnCall Plus, dicho c\u00f3digo otorgar\u00e1 una doble participaci\u00f3n.<\/li><li>El premio consistir\u00e1 en una estancia en el mismo hotel o vivienda vacacional donde el cliente tenga su reserva y se haya adquirido el bono. La estancia se disfrutar\u00e1 en las mismas condiciones contratadas en el momento de la compra. El premio no incluye ning\u00fan gasto adicional distinto al alojamiento.<\/li><li>El sorteo se realizar\u00e1 mediante sistema inform\u00e1tico aleatorio, entre todos los c\u00f3digos registrados durante el per\u00edodo de compra del producto hasta las 07:00 hrs del 16 de abril de 2026. Se comunicar\u00e1 el ganador o ganadora en la p\u00e1gina web y redes sociales de Servicios M\u00e9dicos Jorgani S.L.U, previa verificaci\u00f3n interna de su identidad.<\/li><li>Es imprescindible preservar el correo de confirmaci\u00f3n de compra del bono, la reserva de vuelo hacia Lanzarote y la reserva del alojamiento.<\/li><li>El ganador o ganadora del sorteo se dar\u00e1 a conocer el d\u00eda 16 de abril de 2026 en nuestras redes sociales de Facebook (Cl\u00ednica Jorgani) e Instagram (@clinicajorgani).\u00a0<\/li><li>El ganador o ganadora tendr\u00e1 un plazo de un a\u00f1o desde la fecha de comunicaci\u00f3n para hacer uso del premio.<\/li><li>El ganador o ganadora autoriza a Servicios M\u00e9dicos Jorgani S.L.U a reproducir fotograf\u00edas con su imagen, as\u00ed como sus nombres y apellidos, en la comunicaci\u00f3n promocional, sin que dicha utilizaci\u00f3n le confiera derecho a remuneraci\u00f3n alguna, salvo la entrega del premio.<\/li><\/ul><h4>\u2022 El premio es personal e intransferible y, en ning\u00fan caso, podr\u00e1 ser canjeado por otros productos, servicios ni por su valor en efectivo.<\/h4><h2>6. Protecci\u00f3n de Datos<\/h2><ul><li>El tratamiento de datos personales se realiza conforme al Reglamento (UE) 2016\/679 (RGPD) y a la Ley Org\u00e1nica 3\/2018. El cliente puede ejercer sus derechos de acceso, rectificaci\u00f3n, supresi\u00f3n, limitaci\u00f3n y oposici\u00f3n mediante escrito dirigido a <a href=\"mailto:direccion@cmjorgani.com\">direccion@cmjorgani.com<\/a> .<\/li><li>El tratamiento de los datos personales del ganador ser\u00e1 \u00fanica y exclusivamente con la finalidad de gestionar este sorteo, incluyendo la publicaci\u00f3n del nombre, apellidos e imagen en la web y redes sociales de la empresa.<\/li><li>La base jur\u00eddica ser\u00e1 el consentimiento expreso otorgado al participar en el sorteo.<\/li><li>Los datos personales no ser\u00e1n cedidos a terceros salvo obligaci\u00f3n legal.<\/li><li>Los datos podr\u00e1n estar sujetos a transferencia internacional al publicarse en redes sociales.<\/li><li>Los datos ser\u00e1n conservados indefinidamente en el hist\u00f3rico de la web y redes sociales de Servicios M\u00e9dicos Jorgani S.L.U.<\/li><li>Los ganadores podr\u00e1n ejercitar sus derechos de acceso, rectificaci\u00f3n, cancelaci\u00f3n, oposici\u00f3n, limitaci\u00f3n del tratamiento, portabilidad y revocaci\u00f3n del consentimiento en la direcci\u00f3n: <a href=\"mailto:direccion@cmjorgani.com\">direccion@cmjorgani.com<\/a> .<\/li><li>Servicios M\u00e9dicos Jorgani S.L.U adoptar\u00e1 medidas t\u00e9cnicas y administrativas para proteger la confidencialidad de la informaci\u00f3n.<\/li><li>Para dudas pueden contactar con Servicios M\u00e9dicos Jorgani S.L.U o con la Agencia Espa\u00f1ola de Protecci\u00f3n de Datos en <a href=\"http:\/\/www.agpd.es\">www.agpd.es<\/a> .<\/li><\/ul><h2>7. Aceptaci\u00f3n de las Bases<\/h2><ul><li>La participaci\u00f3n en el sorteo implica la aceptaci\u00f3n \u00edntegra de las presentes bases y la sumisi\u00f3n expresa a las decisiones interpretativas de Servicios M\u00e9dicos Jorgani S.L.U.<\/li><li>En caso de divergencia, las partes se someten a los Juzgados y Tribunales de Arrecife (Lanzarote, Islas Canarias, Espa\u00f1a).<\/li><li>Las presentes bases han sido depositadas ante notaria Mar\u00eda del Carmen Mart\u00ednez Soc\u00edas del Ilustre Colegio Notarial de las Islas Canarias en la fecha indicada en el encabezamiento.<\/li><\/ul>\t\t\t\t\t\t\t\t<\/div>\n\t\t\t\t<\/div>\n\t\t\t\t\t<\/div>\n\t\t\t\t<\/div>\n\t\t\t\t<\/div>\n\t\t","protected":false},"excerpt":{"rendered":"<p>Condiciones Generales del Sorteo SERVICIOS M\u00c9DICOS JORGANI S.L.U, con CIF B35926682 y domicilio social en AVENIDA ISLAS CANARIAS 5, CENTRO [&hellip;]<\/p>\n","protected":false},"author":7,"featured_media":0,"parent":0,"menu_order":0,"comment_status":"closed","ping_status":"closed","template":"","meta":{"site-sidebar-layout":"no-sidebar","site-content-layout":"","ast-site-content-layout":"full-width-container","site-content-style":"default","site-sidebar-style":"default","ast-global-header-display":"","ast-banner-title-visibility":"","ast-main-header-display":"","ast-hfb-above-header-display":"","ast-hfb-below-header-display":"","ast-hfb-mobile-header-display":"","site-post-title":"disabled","ast-breadcrumbs-content":"","ast-featured-img":"","footer-sml-layout":"","ast-disable-related-posts":"","theme-transparent-header-meta":"default","adv-header-id-meta":"","stick-header-meta":"default","header-above-stick-meta":"","header-main-stick-meta":"","header-below-stick-meta":"","astra-migrate-meta-layouts":"set","ast-page-background-enabled":"default","ast-page-background-meta":{"desktop":{"background-color":"var(--ast-global-color-5)","background-image":"","background-repeat":"repeat","background-position":"center center","background-size":"auto","background-attachment":"scroll","background-type":"","background-media":"","overlay-type":"","overlay-color":"","overlay-opacity":"","overlay-gradient":""},"tablet":{"background-color":"","background-image":"","background-repeat":"repeat","background-position":"center center","background-size":"auto","background-attachment":"scroll","background-type":"","background-media":"","overlay-type":"","overlay-color":"","overlay-opacity":"","overlay-gradient":""},"mobile":{"background-color":"","background-image":"","background-repeat":"repeat","background-position":"center center","background-size":"auto","background-attachment":"scroll","background-type":"","background-media":"","overlay-type":"","overlay-color":"","overlay-opacity":"","overlay-gradient":""}},"ast-content-background-meta":{"desktop":{"background-color":"var(--ast-global-color-4)","background-image":"","background-repeat":"repeat","background-position":"center center","background-size":"auto","background-attachment":"scroll","background-type":"","background-media":"","overlay-type":"","overlay-color":"","overlay-opacity":"","overlay-gradient":""},"tablet":{"background-color":"var(--ast-global-color-4)","background-image":"","background-repeat":"repeat","background-position":"center center","background-size":"auto","background-attachment":"scroll","background-type":"","background-media":"","overlay-type":"","overlay-color":"","overlay-opacity":"","overlay-gradient":""},"mobile":{"background-color":"var(--ast-global-color-4)","background-image":"","background-repeat":"repeat","background-position":"center center","background-size":"auto","background-attachment":"scroll","background-type":"","background-media":"","overlay-type":"","overlay-color":"","overlay-opacity":"","overlay-gradient":""}},"_joinchat":[],"footnotes":""},"class_list":["post-2110","page","type-page","status-publish","hentry"],"_links":{"self":[{"href":"https:\/\/cmjorgani.com\/DoconCall\/wp-json\/wp\/v2\/pages\/2110","targetHints":{"allow":["GET"]}}],"collection":[{"href":"https:\/\/cmjorgani.com\/DoconCall\/wp-json\/wp\/v2\/pages"}],"about":[{"href":"https:\/\/cmjorgani.com\/DoconCall\/wp-json\/wp\/v2\/types\/page"}],"author":[{"embeddable":true,"href":"https:\/\/cmjorgani.com\/DoconCall\/wp-json\/wp\/v2\/users\/7"}],"replies":[{"embeddable":true,"href":"https:\/\/cmjorgani.com\/DoconCall\/wp-json\/wp\/v2\/comments?post=2110"}],"version-history":[{"count":0,"href":"https:\/\/cmjorgani.com\/DoconCall\/wp-json\/wp\/v2\/pages\/2110\/revisions"}],"wp:attachment":[{"href":"https:\/\/cmjorgani.com\/DoconCall\/wp-json\/wp\/v2\/media?parent=2110"}],"curies":[{"name":"wp","href":"https:\/\/api.w.org\/{rel}","templated":true}]}}