{"id":2116,"date":"2025-09-23T08:53:00","date_gmt":"2025-09-23T07:53:00","guid":{"rendered":"https:\/\/cmjorgani.com\/DoconCall\/?page_id=2116"},"modified":"2025-09-24T10:19:15","modified_gmt":"2025-09-24T09:19:15","slug":"condiciones-de-compra","status":"publish","type":"page","link":"https:\/\/cmjorgani.com\/DoconCall\/condiciones-de-compra\/","title":{"rendered":"Condiciones de Compra"},"content":{"rendered":"\t\t<div data-elementor-type=\"wp-page\" data-elementor-id=\"2116\" class=\"elementor elementor-2116\" data-elementor-settings=\"{&quot;element_pack_global_tooltip_width&quot;:{&quot;unit&quot;:&quot;px&quot;,&quot;size&quot;:&quot;&quot;,&quot;sizes&quot;:[]},&quot;element_pack_global_tooltip_width_tablet&quot;:{&quot;unit&quot;:&quot;px&quot;,&quot;size&quot;:&quot;&quot;,&quot;sizes&quot;:[]},&quot;element_pack_global_tooltip_width_mobile&quot;:{&quot;unit&quot;:&quot;px&quot;,&quot;size&quot;:&quot;&quot;,&quot;sizes&quot;:[]},&quot;element_pack_global_tooltip_padding&quot;:{&quot;unit&quot;:&quot;px&quot;,&quot;top&quot;:&quot;&quot;,&quot;right&quot;:&quot;&quot;,&quot;bottom&quot;:&quot;&quot;,&quot;left&quot;:&quot;&quot;,&quot;isLinked&quot;:true},&quot;element_pack_global_tooltip_padding_tablet&quot;:{&quot;unit&quot;:&quot;px&quot;,&quot;top&quot;:&quot;&quot;,&quot;right&quot;:&quot;&quot;,&quot;bottom&quot;:&quot;&quot;,&quot;left&quot;:&quot;&quot;,&quot;isLinked&quot;:true},&quot;element_pack_global_tooltip_padding_mobile&quot;:{&quot;unit&quot;:&quot;px&quot;,&quot;top&quot;:&quot;&quot;,&quot;right&quot;:&quot;&quot;,&quot;bottom&quot;:&quot;&quot;,&quot;left&quot;:&quot;&quot;,&quot;isLinked&quot;:true},&quot;element_pack_global_tooltip_border_radius&quot;:{&quot;unit&quot;:&quot;px&quot;,&quot;top&quot;:&quot;&quot;,&quot;right&quot;:&quot;&quot;,&quot;bottom&quot;:&quot;&quot;,&quot;left&quot;:&quot;&quot;,&quot;isLinked&quot;:true},&quot;element_pack_global_tooltip_border_radius_tablet&quot;:{&quot;unit&quot;:&quot;px&quot;,&quot;top&quot;:&quot;&quot;,&quot;right&quot;:&quot;&quot;,&quot;bottom&quot;:&quot;&quot;,&quot;left&quot;:&quot;&quot;,&quot;isLinked&quot;:true},&quot;element_pack_global_tooltip_border_radius_mobile&quot;:{&quot;unit&quot;:&quot;px&quot;,&quot;top&quot;:&quot;&quot;,&quot;right&quot;:&quot;&quot;,&quot;bottom&quot;:&quot;&quot;,&quot;left&quot;:&quot;&quot;,&quot;isLinked&quot;:true}}\" data-elementor-post-type=\"page\">\n\t\t\t\t<div class=\"elementor-element elementor-element-8e0aebc e-con-full e-flex e-con e-parent\" data-id=\"8e0aebc\" data-element_type=\"container\">\n\t\t<div class=\"elementor-element elementor-element-50f97e4 e-con-full e-flex e-con e-child\" data-id=\"50f97e4\" data-element_type=\"container\">\n\t\t\t\t<div class=\"elementor-element elementor-element-aba8e5f elementor-widget elementor-widget-heading\" data-id=\"aba8e5f\" data-element_type=\"widget\" data-widget_type=\"heading.default\">\n\t\t\t\t\t<h2 class=\"elementor-heading-title elementor-size-default\">Condiciones de Compra <\/h2>\t\t\t\t<\/div>\n\t\t\t\t<\/div>\n\t\t\t\t<\/div>\n\t\t<div class=\"elementor-element elementor-element-c86e0d5 e-flex e-con-boxed e-con e-parent\" data-id=\"c86e0d5\" data-element_type=\"container\">\n\t\t\t\t\t<div class=\"e-con-inner\">\n\t\t<div class=\"elementor-element elementor-element-8a7689d e-con-full e-flex e-con e-child\" data-id=\"8a7689d\" data-element_type=\"container\">\n\t\t\t\t<div class=\"elementor-element elementor-element-43b9b97 elementor-widget elementor-widget-text-editor\" data-id=\"43b9b97\" data-element_type=\"widget\" data-widget_type=\"text-editor.default\">\n\t\t\t\t\t\t\t\t\t<p>En <strong>Servicios M\u00e9dicos Jorgani \u2013 <em>DocOnCall<\/em><\/strong> queremos que tu experiencia sea f\u00e1cil y transparente. Aqu\u00ed te dejamos un resumen de nuestras condiciones principales:<\/p><p><strong>\ud83d\uded2<\/strong><strong> Compra y confirmaci\u00f3n<\/strong><\/p><ul><li>Tu pedido se confirma una vez que recibes nuestro <strong>correo de confirmaci\u00f3n de compra<\/strong>.<\/li><li>Si compras el bono <strong>m\u00e1s de 6 horas despu\u00e9s de tu llegada a Lanzarote<\/strong>, deber\u00e1s esperar <strong>24 horas<\/strong> antes de poder usarlo por primera vez.<\/li><\/ul><p><strong>\ud83d\udc64<\/strong><strong> Datos del cliente<\/strong><\/p><ul><li>Es importante que los datos que nos facilites sean <strong>reales y correctos<\/strong>, ya que se usar\u00e1n para activar tu bono y para emitir la factura.<\/li><\/ul><p><strong>\ud83d\udcb6<\/strong><strong> Pagos y reembolsos<\/strong><\/p><ul><li>Todos los bonos son <strong>personales, intransferibles y no reembolsables<\/strong>.<\/li><\/ul><p><strong>\ud83d\udce7<\/strong><strong> Comunicaciones<\/strong><\/p><ul><li>Toda la informaci\u00f3n sobre tu bono se enviar\u00e1 al <strong>correo electr\u00f3nico<\/strong> que nos indiques al registrarte.<\/li><\/ul><p><strong>\u2696\ufe0f<\/strong><strong> Legislaci\u00f3n<\/strong><\/p><ul><li>El contrato se formaliza en <strong>espa\u00f1ol<\/strong> y se rige por la <strong>legislaci\u00f3n espa\u00f1ola<\/strong>.<\/li><\/ul><p>\ud83d\udccc Para m\u00e1s detalles puedes consultar las<a href=\"https:\/\/cmjorgani.com\/DoconCall\/condiciones-de-compra-completas\/\"> <strong>Condiciones Legales completas<\/strong> <\/a>disponibles en nuestra web.\u00a0\u00a0<\/p>\t\t\t\t\t\t\t\t<\/div>\n\t\t\t\t<\/div>\n\t\t\t\t\t<\/div>\n\t\t\t\t<\/div>\n\t\t\t\t<\/div>\n\t\t","protected":false},"excerpt":{"rendered":"<p>Condiciones de Compra En Servicios M\u00e9dicos Jorgani \u2013 DocOnCall queremos que tu experiencia sea f\u00e1cil y transparente. Aqu\u00ed te dejamos [&hellip;]<\/p>\n","protected":false},"author":7,"featured_media":0,"parent":0,"menu_order":0,"comment_status":"closed","ping_status":"closed","template":"","meta":{"site-sidebar-layout":"no-sidebar","site-content-layout":"","ast-site-content-layout":"full-width-container","site-content-style":"default","site-sidebar-style":"default","ast-global-header-display":"","ast-banner-title-visibility":"","ast-main-header-display":"","ast-hfb-above-header-display":"","ast-hfb-below-header-display":"","ast-hfb-mobile-header-display":"","site-post-title":"disabled","ast-breadcrumbs-content":"","ast-featured-img":"","footer-sml-layout":"","ast-disable-related-posts":"","theme-transparent-header-meta":"default","adv-header-id-meta":"","stick-header-meta":"default","header-above-stick-meta":"","header-main-stick-meta":"","header-below-stick-meta":"","astra-migrate-meta-layouts":"set","ast-page-background-enabled":"default","ast-page-background-meta":{"desktop":{"background-color":"var(--ast-global-color-5)","background-image":"","background-repeat":"repeat","background-position":"center center","background-size":"auto","background-attachment":"scroll","background-type":"","background-media":"","overlay-type":"","overlay-color":"","overlay-opacity":"","overlay-gradient":""},"tablet":{"background-color":"","background-image":"","background-repeat":"repeat","background-position":"center center","background-size":"auto","background-attachment":"scroll","background-type":"","background-media":"","overlay-type":"","overlay-color":"","overlay-opacity":"","overlay-gradient":""},"mobile":{"background-color":"","background-image":"","background-repeat":"repeat","background-position":"center center","background-size":"auto","background-attachment":"scroll","background-type":"","background-media":"","overlay-type":"","overlay-color":"","overlay-opacity":"","overlay-gradient":""}},"ast-content-background-meta":{"desktop":{"background-color":"var(--ast-global-color-4)","background-image":"","background-repeat":"repeat","background-position":"center center","background-size":"auto","background-attachment":"scroll","background-type":"","background-media":"","overlay-type":"","overlay-color":"","overlay-opacity":"","overlay-gradient":""},"tablet":{"background-color":"var(--ast-global-color-4)","background-image":"","background-repeat":"repeat","background-position":"center center","background-size":"auto","background-attachment":"scroll","background-type":"","background-media":"","overlay-type":"","overlay-color":"","overlay-opacity":"","overlay-gradient":""},"mobile":{"background-color":"var(--ast-global-color-4)","background-image":"","background-repeat":"repeat","background-position":"center center","background-size":"auto","background-attachment":"scroll","background-type":"","background-media":"","overlay-type":"","overlay-color":"","overlay-opacity":"","overlay-gradient":""}},"_joinchat":[],"footnotes":""},"class_list":["post-2116","page","type-page","status-publish","hentry"],"_links":{"self":[{"href":"https:\/\/cmjorgani.com\/DoconCall\/wp-json\/wp\/v2\/pages\/2116","targetHints":{"allow":["GET"]}}],"collection":[{"href":"https:\/\/cmjorgani.com\/DoconCall\/wp-json\/wp\/v2\/pages"}],"about":[{"href":"https:\/\/cmjorgani.com\/DoconCall\/wp-json\/wp\/v2\/types\/page"}],"author":[{"embeddable":true,"href":"https:\/\/cmjorgani.com\/DoconCall\/wp-json\/wp\/v2\/users\/7"}],"replies":[{"embeddable":true,"href":"https:\/\/cmjorgani.com\/DoconCall\/wp-json\/wp\/v2\/comments?post=2116"}],"version-history":[{"count":0,"href":"https:\/\/cmjorgani.com\/DoconCall\/wp-json\/wp\/v2\/pages\/2116\/revisions"}],"wp:attachment":[{"href":"https:\/\/cmjorgani.com\/DoconCall\/wp-json\/wp\/v2\/media?parent=2116"}],"curies":[{"name":"wp","href":"https:\/\/api.w.org\/{rel}","templated":true}]}}