{"id":2140,"date":"2025-09-23T17:06:50","date_gmt":"2025-09-23T16:06:50","guid":{"rendered":"https:\/\/cmjorgani.com\/DoconCall\/?page_id=2140"},"modified":"2025-09-24T10:16:41","modified_gmt":"2025-09-24T09:16:41","slug":"condiciones-de-compra-completas","status":"publish","type":"page","link":"https:\/\/cmjorgani.com\/DoconCall\/condiciones-de-compra-completas\/","title":{"rendered":"Condiciones de Compra Completas"},"content":{"rendered":"\t\t<div data-elementor-type=\"wp-page\" data-elementor-id=\"2140\" class=\"elementor elementor-2140\" data-elementor-settings=\"{&quot;element_pack_global_tooltip_width&quot;:{&quot;unit&quot;:&quot;px&quot;,&quot;size&quot;:&quot;&quot;,&quot;sizes&quot;:[]},&quot;element_pack_global_tooltip_width_tablet&quot;:{&quot;unit&quot;:&quot;px&quot;,&quot;size&quot;:&quot;&quot;,&quot;sizes&quot;:[]},&quot;element_pack_global_tooltip_width_mobile&quot;:{&quot;unit&quot;:&quot;px&quot;,&quot;size&quot;:&quot;&quot;,&quot;sizes&quot;:[]},&quot;element_pack_global_tooltip_padding&quot;:{&quot;unit&quot;:&quot;px&quot;,&quot;top&quot;:&quot;&quot;,&quot;right&quot;:&quot;&quot;,&quot;bottom&quot;:&quot;&quot;,&quot;left&quot;:&quot;&quot;,&quot;isLinked&quot;:true},&quot;element_pack_global_tooltip_padding_tablet&quot;:{&quot;unit&quot;:&quot;px&quot;,&quot;top&quot;:&quot;&quot;,&quot;right&quot;:&quot;&quot;,&quot;bottom&quot;:&quot;&quot;,&quot;left&quot;:&quot;&quot;,&quot;isLinked&quot;:true},&quot;element_pack_global_tooltip_padding_mobile&quot;:{&quot;unit&quot;:&quot;px&quot;,&quot;top&quot;:&quot;&quot;,&quot;right&quot;:&quot;&quot;,&quot;bottom&quot;:&quot;&quot;,&quot;left&quot;:&quot;&quot;,&quot;isLinked&quot;:true},&quot;element_pack_global_tooltip_border_radius&quot;:{&quot;unit&quot;:&quot;px&quot;,&quot;top&quot;:&quot;&quot;,&quot;right&quot;:&quot;&quot;,&quot;bottom&quot;:&quot;&quot;,&quot;left&quot;:&quot;&quot;,&quot;isLinked&quot;:true},&quot;element_pack_global_tooltip_border_radius_tablet&quot;:{&quot;unit&quot;:&quot;px&quot;,&quot;top&quot;:&quot;&quot;,&quot;right&quot;:&quot;&quot;,&quot;bottom&quot;:&quot;&quot;,&quot;left&quot;:&quot;&quot;,&quot;isLinked&quot;:true},&quot;element_pack_global_tooltip_border_radius_mobile&quot;:{&quot;unit&quot;:&quot;px&quot;,&quot;top&quot;:&quot;&quot;,&quot;right&quot;:&quot;&quot;,&quot;bottom&quot;:&quot;&quot;,&quot;left&quot;:&quot;&quot;,&quot;isLinked&quot;:true}}\" data-elementor-post-type=\"page\">\n\t\t\t\t<div class=\"elementor-element elementor-element-8e0aebc e-con-full e-flex e-con e-parent\" data-id=\"8e0aebc\" data-element_type=\"container\">\n\t\t<div class=\"elementor-element elementor-element-50f97e4 e-con-full e-flex e-con e-child\" data-id=\"50f97e4\" data-element_type=\"container\">\n\t\t\t\t<div class=\"elementor-element elementor-element-aba8e5f elementor-widget elementor-widget-heading\" data-id=\"aba8e5f\" data-element_type=\"widget\" data-widget_type=\"heading.default\">\n\t\t\t\t\t<h2 class=\"elementor-heading-title elementor-size-default\">Condiciones de Compra (detalladas)<\/h2>\t\t\t\t<\/div>\n\t\t\t\t<\/div>\n\t\t\t\t<\/div>\n\t\t<div class=\"elementor-element elementor-element-c86e0d5 e-flex e-con-boxed e-con e-parent\" data-id=\"c86e0d5\" data-element_type=\"container\">\n\t\t\t\t\t<div class=\"e-con-inner\">\n\t\t<div class=\"elementor-element elementor-element-8a7689d e-con-full e-flex e-con e-child\" data-id=\"8a7689d\" data-element_type=\"container\">\n\t\t\t\t<div class=\"elementor-element elementor-element-43b9b97 elementor-widget elementor-widget-text-editor\" data-id=\"43b9b97\" data-element_type=\"widget\" data-widget_type=\"text-editor.default\">\n\t\t\t\t\t\t\t\t\t<p>Las presentes condiciones de compra se ponen a disposici\u00f3n de todos los clientes con el objetivo de evitar errores o malentendidos en el momento de realizar un pedido a trav\u00e9s de esta p\u00e1gina web de comercio electr\u00f3nico. La realizaci\u00f3n de un pedido implica la aceptaci\u00f3n \u00edntegra de estas condiciones.<\/p><p>Las condiciones de compra no podr\u00e1n ser modificadas unilateralmente por el comprador, salvo que exista un acuerdo previo y por escrito entre comprador y vendedor. El hecho de que el vendedor no exija el cumplimiento de una o m\u00e1s condiciones en un momento determinado no implica renuncia ni modificaci\u00f3n de dichas condiciones en futuras transacciones.<\/p><p>Los productos son vendidos directamente por Servicios M\u00e9dicos Jorgani S.L.U \u00a0&#8211; <em>DocOnCall<\/em> (marca registrada), con domicilio en Avenida Islas Canarias, 5. C.C. Calipso &#8211; 35508 Lanzarote, Islas Canarias, y con CIF B35926682.<\/p><h2>1. Compra de producto y aceptaci\u00f3n de pedidos<\/h2><p>Por favor, siga las instrucciones de la web para realizar sus pedidos. Su pedido constituye una oferta para la adquisici\u00f3n de servicios m\u00e9dicos.<\/p><p>Todas las solicitudes est\u00e1n sujetas a nuestra aceptaci\u00f3n. La confirmaci\u00f3n definitiva se producir\u00e1 mediante un correo electr\u00f3nico en el que se indique que el bono adquirido ya est\u00e1 activo. * Recuerde que <em>en caso de que el pedido se realice transcurridas seis (6) horas despu\u00e9s de su llegada a Lanzarote, existir\u00e1 <strong>un per\u00edodo de carencia de 24 horas<\/strong> antes de poder acceder al servicio<\/em>.<\/p><p>El contrato se considera formalizado \u00fanicamente con la confirmaci\u00f3n de compra enviada por correo electr\u00f3nico. Dicho contrato se referir\u00e1 exclusivamente a los servicios expresamente confirmados.<\/p><p>Servicios M\u00e9dicos Jorgani S.L.U se reserva el derecho a cancelar un pedido en cualquier momento antes de su aceptaci\u00f3n, especialmente en casos de error evidente en el precio.<\/p><h2>2. Responsabilidad del Cliente<\/h2><p>El cliente tiene prohibido introducir datos falsos, inventados o de fantas\u00eda en el proceso de compra online o en comunicaciones posteriores. El Vendedor se reserva el derecho a ejercer acciones legales en caso de infracci\u00f3n, en defensa de los intereses de todos los consumidores.<\/p><p>La aceptaci\u00f3n de estas condiciones exime al Vendedor de cualquier responsabilidad derivada de la emisi\u00f3n de documentos fiscales err\u00f3neos por errores en los datos facilitados por el cliente en el momento de la compra. El cliente es el \u00fanico responsable de la veracidad de la informaci\u00f3n proporcionada.<\/p><h2>3. Idioma y Legislaci\u00f3n Aplicable<\/h2><p>El idioma disponible para la formalizaci\u00f3n del contrato es el espa\u00f1ol. La legislaci\u00f3n aplicable ser\u00e1 la espa\u00f1ola.<\/p><h2>4. Comunicaci\u00f3n al Cliente<\/h2><p>El cliente reconoce y acepta que todas las comunicaciones, notificaciones, certificados e informes relacionados con la compra de bonos se enviar\u00e1n a la direcci\u00f3n de correo electr\u00f3nico indicada en el registro. Dichas comunicaciones podr\u00e1n descargarse en un soporte duradero dentro de los l\u00edmites previstos en el sitio web.<\/p><h2>5. Reembolsos<\/h2><p>Los bonos, en todas sus modalidades, son personales, intransferibles y <strong>no reembolsables<\/strong>.<\/p><h2>6. <a href=\"https:\/\/cmjorgani.com\/DoconCall\/preguntas-frecuentes-faq\/\">FAQ&#8217;s<\/a><\/h2>\t\t\t\t\t\t\t\t<\/div>\n\t\t\t\t<\/div>\n\t\t\t\t\t<\/div>\n\t\t\t\t<\/div>\n\t\t\t\t<\/div>\n\t\t","protected":false},"excerpt":{"rendered":"<p>Condiciones de Compra (detalladas) Las presentes condiciones de compra se ponen a disposici\u00f3n de todos los clientes con el objetivo [&hellip;]<\/p>\n","protected":false},"author":7,"featured_media":0,"parent":0,"menu_order":0,"comment_status":"closed","ping_status":"closed","template":"","meta":{"site-sidebar-layout":"no-sidebar","site-content-layout":"","ast-site-content-layout":"full-width-container","site-content-style":"default","site-sidebar-style":"default","ast-global-header-display":"","ast-banner-title-visibility":"","ast-main-header-display":"","ast-hfb-above-header-display":"","ast-hfb-below-header-display":"","ast-hfb-mobile-header-display":"","site-post-title":"disabled","ast-breadcrumbs-content":"","ast-featured-img":"","footer-sml-layout":"","ast-disable-related-posts":"","theme-transparent-header-meta":"default","adv-header-id-meta":"","stick-header-meta":"default","header-above-stick-meta":"","header-main-stick-meta":"","header-below-stick-meta":"","astra-migrate-meta-layouts":"set","ast-page-background-enabled":"default","ast-page-background-meta":{"desktop":{"background-color":"var(--ast-global-color-5)","background-image":"","background-repeat":"repeat","background-position":"center center","background-size":"auto","background-attachment":"scroll","background-type":"","background-media":"","overlay-type":"","overlay-color":"","overlay-opacity":"","overlay-gradient":""},"tablet":{"background-color":"","background-image":"","background-repeat":"repeat","background-position":"center center","background-size":"auto","background-attachment":"scroll","background-type":"","background-media":"","overlay-type":"","overlay-color":"","overlay-opacity":"","overlay-gradient":""},"mobile":{"background-color":"","background-image":"","background-repeat":"repeat","background-position":"center center","background-size":"auto","background-attachment":"scroll","background-type":"","background-media":"","overlay-type":"","overlay-color":"","overlay-opacity":"","overlay-gradient":""}},"ast-content-background-meta":{"desktop":{"background-color":"var(--ast-global-color-4)","background-image":"","background-repeat":"repeat","background-position":"center center","background-size":"auto","background-attachment":"scroll","background-type":"","background-media":"","overlay-type":"","overlay-color":"","overlay-opacity":"","overlay-gradient":""},"tablet":{"background-color":"var(--ast-global-color-4)","background-image":"","background-repeat":"repeat","background-position":"center center","background-size":"auto","background-attachment":"scroll","background-type":"","background-media":"","overlay-type":"","overlay-color":"","overlay-opacity":"","overlay-gradient":""},"mobile":{"background-color":"var(--ast-global-color-4)","background-image":"","background-repeat":"repeat","background-position":"center center","background-size":"auto","background-attachment":"scroll","background-type":"","background-media":"","overlay-type":"","overlay-color":"","overlay-opacity":"","overlay-gradient":""}},"_joinchat":[],"footnotes":""},"class_list":["post-2140","page","type-page","status-publish","hentry"],"_links":{"self":[{"href":"https:\/\/cmjorgani.com\/DoconCall\/wp-json\/wp\/v2\/pages\/2140","targetHints":{"allow":["GET"]}}],"collection":[{"href":"https:\/\/cmjorgani.com\/DoconCall\/wp-json\/wp\/v2\/pages"}],"about":[{"href":"https:\/\/cmjorgani.com\/DoconCall\/wp-json\/wp\/v2\/types\/page"}],"author":[{"embeddable":true,"href":"https:\/\/cmjorgani.com\/DoconCall\/wp-json\/wp\/v2\/users\/7"}],"replies":[{"embeddable":true,"href":"https:\/\/cmjorgani.com\/DoconCall\/wp-json\/wp\/v2\/comments?post=2140"}],"version-history":[{"count":0,"href":"https:\/\/cmjorgani.com\/DoconCall\/wp-json\/wp\/v2\/pages\/2140\/revisions"}],"wp:attachment":[{"href":"https:\/\/cmjorgani.com\/DoconCall\/wp-json\/wp\/v2\/media?parent=2140"}],"curies":[{"name":"wp","href":"https:\/\/api.w.org\/{rel}","templated":true}]}}