{"id":4174,"date":"2026-04-03T18:20:08","date_gmt":"2026-04-03T17:20:08","guid":{"rendered":"https:\/\/cmjorgani.com\/DoconCall\/?page_id=4174"},"modified":"2026-04-04T14:06:51","modified_gmt":"2026-04-04T13:06:51","slug":"doctor-costa-teguise-lanzarote","status":"publish","type":"page","link":"https:\/\/cmjorgani.com\/DoconCall\/doctor-costa-teguise-lanzarote\/","title":{"rendered":"Doctor Costa Teguise"},"content":{"rendered":"\t\t<div data-elementor-type=\"wp-page\" data-elementor-id=\"4174\" class=\"elementor elementor-4174\" data-elementor-settings=\"{&quot;element_pack_global_tooltip_width&quot;:{&quot;unit&quot;:&quot;px&quot;,&quot;size&quot;:&quot;&quot;,&quot;sizes&quot;:[]},&quot;element_pack_global_tooltip_width_tablet&quot;:{&quot;unit&quot;:&quot;px&quot;,&quot;size&quot;:&quot;&quot;,&quot;sizes&quot;:[]},&quot;element_pack_global_tooltip_width_mobile&quot;:{&quot;unit&quot;:&quot;px&quot;,&quot;size&quot;:&quot;&quot;,&quot;sizes&quot;:[]},&quot;element_pack_global_tooltip_padding&quot;:{&quot;unit&quot;:&quot;px&quot;,&quot;top&quot;:&quot;&quot;,&quot;right&quot;:&quot;&quot;,&quot;bottom&quot;:&quot;&quot;,&quot;left&quot;:&quot;&quot;,&quot;isLinked&quot;:true},&quot;element_pack_global_tooltip_padding_tablet&quot;:{&quot;unit&quot;:&quot;px&quot;,&quot;top&quot;:&quot;&quot;,&quot;right&quot;:&quot;&quot;,&quot;bottom&quot;:&quot;&quot;,&quot;left&quot;:&quot;&quot;,&quot;isLinked&quot;:true},&quot;element_pack_global_tooltip_padding_mobile&quot;:{&quot;unit&quot;:&quot;px&quot;,&quot;top&quot;:&quot;&quot;,&quot;right&quot;:&quot;&quot;,&quot;bottom&quot;:&quot;&quot;,&quot;left&quot;:&quot;&quot;,&quot;isLinked&quot;:true},&quot;element_pack_global_tooltip_border_radius&quot;:{&quot;unit&quot;:&quot;px&quot;,&quot;top&quot;:&quot;&quot;,&quot;right&quot;:&quot;&quot;,&quot;bottom&quot;:&quot;&quot;,&quot;left&quot;:&quot;&quot;,&quot;isLinked&quot;:true},&quot;element_pack_global_tooltip_border_radius_tablet&quot;:{&quot;unit&quot;:&quot;px&quot;,&quot;top&quot;:&quot;&quot;,&quot;right&quot;:&quot;&quot;,&quot;bottom&quot;:&quot;&quot;,&quot;left&quot;:&quot;&quot;,&quot;isLinked&quot;:true},&quot;element_pack_global_tooltip_border_radius_mobile&quot;:{&quot;unit&quot;:&quot;px&quot;,&quot;top&quot;:&quot;&quot;,&quot;right&quot;:&quot;&quot;,&quot;bottom&quot;:&quot;&quot;,&quot;left&quot;:&quot;&quot;,&quot;isLinked&quot;:true}}\" data-elementor-post-type=\"page\">\n\t\t\t\t<div class=\"elementor-element elementor-element-5bb4761 e-con-full e-flex e-con e-parent\" data-id=\"5bb4761\" data-element_type=\"container\">\n\t\t<div class=\"elementor-element elementor-element-d53ff8b e-con-full e-flex e-con e-child\" data-id=\"d53ff8b\" data-element_type=\"container\">\n\t\t\t\t<div class=\"elementor-element elementor-element-91e18bf elementor-widget__width-initial elementor-widget elementor-widget-heading\" data-id=\"91e18bf\" data-element_type=\"widget\" data-widget_type=\"heading.default\">\n\t\t\t\t\t<h2 class=\"elementor-heading-title elementor-size-default\"><br>NUESTRO Hospital Cl\u00ednica Jorgani,\n Costa Teguise, LANZAROTE<\/h2>\t\t\t\t<\/div>\n\t\t\t\t<\/div>\n\t\t\t\t<\/div>\n\t\t<div class=\"elementor-element elementor-element-22ee901 e-flex e-con-boxed e-con e-parent\" data-id=\"22ee901\" data-element_type=\"container\">\n\t\t\t\t\t<div class=\"e-con-inner\">\n\t\t<div class=\"elementor-element elementor-element-e939f19 e-con-full e-flex e-con e-child\" data-id=\"e939f19\" data-element_type=\"container\">\n\t\t\t\t<div class=\"elementor-element elementor-element-17e6762 elementor-widget elementor-widget-heading\" data-id=\"17e6762\" data-element_type=\"widget\" data-widget_type=\"heading.default\">\n\t\t\t\t\t<h2 class=\"elementor-heading-title elementor-size-default\"><img decoding=\"async\" role=\"img\" class=\"emoji\" alt=\"\ud83c\udfe5\" src=\"https:\/\/s.w.org\/images\/core\/emoji\/17.0.2\/svg\/1f3e5.svg\"> M\u00e9dico Online en Lanzarote con Respaldo de Hospital Cl\u00ednica Jorgani en Costa Teguise\n<\/h2>\t\t\t\t<\/div>\n\t\t\t\t<div class=\"elementor-element elementor-element-7896b15 elementor-widget elementor-widget-text-editor\" data-id=\"7896b15\" data-element_type=\"widget\" data-widget_type=\"text-editor.default\">\n\t\t\t\t\t\t\t\t\t<p data-start=\"296\" data-end=\"384\">\u00bfNecesitas un m\u00e9dico en Lanzarote sin perder tiempo en desplazamientos o largas esperas?<\/p><p data-start=\"386\" data-end=\"564\">Con DocOnCall accedes a atenci\u00f3n m\u00e9dica inmediata desde tu hotel, apartamento o cualquier punto de la isla. Y adem\u00e1s, cuentas con el respaldo de un hospital cl\u00ednica en Costa Teguise: Hospital Cl\u00ednica Jorgani &#8211; Costa Teguise.<\/p>\t\t\t\t\t\t\t\t<\/div>\n\t\t<div class=\"elementor-element elementor-element-9a8e516 e-con-full e-flex e-con e-child\" data-id=\"9a8e516\" data-element_type=\"container\">\n\t\t<div class=\"elementor-element elementor-element-8133feb e-con-full e-flex e-con e-child\" data-id=\"8133feb\" data-element_type=\"container\">\n\t\t\t\t<div class=\"elementor-element elementor-element-75d70d7 elementor-align-center elementor-widget elementor-widget-button\" data-id=\"75d70d7\" data-element_type=\"widget\" data-widget_type=\"button.default\">\n\t\t\t\t\t\t\t\t\t\t<a class=\"elementor-button elementor-button-link elementor-size-sm elementor-animation-pulse\" href=\"https:\/\/cmjorgani.com\/DoconCall\/product\/doconcall-plus\/\">\n\t\t\t\t\t\t<span class=\"elementor-button-content-wrapper\">\n\t\t\t\t\t\t<span class=\"elementor-button-icon\">\n\t\t\t\t<svg aria-hidden=\"true\" class=\"e-font-icon-svg e-fas-arrow-circle-right\" viewBox=\"0 0 512 512\" xmlns=\"http:\/\/www.w3.org\/2000\/svg\"><path d=\"M256 8c137 0 248 111 248 248S393 504 256 504 8 393 8 256 119 8 256 8zm-28.9 143.6l75.5 72.4H120c-13.3 0-24 10.7-24 24v16c0 13.3 10.7 24 24 24h182.6l-75.5 72.4c-9.7 9.3-9.9 24.8-.4 34.3l11 10.9c9.4 9.4 24.6 9.4 33.9 0L404.3 273c9.4-9.4 9.4-24.6 0-33.9L271.6 106.3c-9.4-9.4-24.6-9.4-33.9 0l-11 10.9c-9.5 9.6-9.3 25.1.4 34.4z\"><\/path><\/svg>\t\t\t<\/span>\n\t\t\t\t\t\t\t\t\t<span class=\"elementor-button-text\">Activa DocOnCall<\/span>\n\t\t\t\t\t<\/span>\n\t\t\t\t\t<\/a>\n\t\t\t\t\t\t\t\t<\/div>\n\t\t\t\t<\/div>\n\t\t\t\t<\/div>\n\t\t\t\t<\/div>\n\t\t<div class=\"elementor-element elementor-element-7a687e1 e-con-full e-flex e-con e-child\" data-id=\"7a687e1\" data-element_type=\"container\">\n\t\t\t\t<div class=\"elementor-element elementor-element-db077ac elementor-widget elementor-widget-google_maps\" data-id=\"db077ac\" data-element_type=\"widget\" data-widget_type=\"google_maps.default\">\n\t\t\t\t\t\t\t<div class=\"elementor-custom-embed\">\n\t\t\t<iframe loading=\"lazy\"\n\t\t\t\t\tsrc=\"https:\/\/maps.google.com\/maps?q=Hospital%20Cl%C3%ADnica%20Jorgani%20-%20GP%20%26%20Specialists%20-%20Arztpraxis%2C%20C.C%20Calipso%2C%20Av.%20de%20las%20Islas%20Canarias%2C%205%2C%2035508%20Costa%20Teguise%2C%20Las%20Palmas&#038;t=m&#038;z=16&#038;output=embed&#038;iwloc=near\"\n\t\t\t\t\ttitle=\"Hospital Cl\u00ednica Jorgani - GP &amp; Specialists - Arztpraxis, C.C Calipso, Av. de las Islas Canarias, 5, 35508 Costa Teguise, Las Palmas\"\n\t\t\t\t\taria-label=\"Hospital Cl\u00ednica Jorgani - GP &amp; Specialists - Arztpraxis, C.C Calipso, Av. de las Islas Canarias, 5, 35508 Costa Teguise, Las Palmas\"\n\t\t\t><\/iframe>\n\t\t<\/div>\n\t\t\t\t\t\t<\/div>\n\t\t\t\t<\/div>\n\t\t\t\t\t<\/div>\n\t\t\t\t<\/div>\n\t\t\t\t<\/div>\n\t\t","protected":false},"excerpt":{"rendered":"<p>NUESTRO Hospital Cl\u00ednica Jorgani, Costa Teguise, LANZAROTE M\u00e9dico Online en Lanzarote con Respaldo de Hospital Cl\u00ednica Jorgani en Costa Teguise [&hellip;]<\/p>\n","protected":false},"author":8,"featured_media":0,"parent":0,"menu_order":0,"comment_status":"closed","ping_status":"closed","template":"","meta":{"site-sidebar-layout":"no-sidebar","site-content-layout":"","ast-site-content-layout":"full-width-container","site-content-style":"default","site-sidebar-style":"default","ast-global-header-display":"","ast-banner-title-visibility":"","ast-main-header-display":"","ast-hfb-above-header-display":"","ast-hfb-below-header-display":"","ast-hfb-mobile-header-display":"","site-post-title":"disabled","ast-breadcrumbs-content":"","ast-featured-img":"disabled","footer-sml-layout":"","ast-disable-related-posts":"","theme-transparent-header-meta":"default","adv-header-id-meta":"","stick-header-meta":"default","header-above-stick-meta":"","header-main-stick-meta":"","header-below-stick-meta":"","astra-migrate-meta-layouts":"set","ast-page-background-enabled":"default","ast-page-background-meta":{"desktop":{"background-color":"var(--ast-global-color-5)","background-image":"","background-repeat":"repeat","background-position":"center center","background-size":"auto","background-attachment":"scroll","background-type":"","background-media":"","overlay-type":"","overlay-color":"","overlay-opacity":"","overlay-gradient":""},"tablet":{"background-color":"","background-image":"","background-repeat":"repeat","background-position":"center center","background-size":"auto","background-attachment":"scroll","background-type":"","background-media":"","overlay-type":"","overlay-color":"","overlay-opacity":"","overlay-gradient":""},"mobile":{"background-color":"","background-image":"","background-repeat":"repeat","background-position":"center center","background-size":"auto","background-attachment":"scroll","background-type":"","background-media":"","overlay-type":"","overlay-color":"","overlay-opacity":"","overlay-gradient":""}},"ast-content-background-meta":{"desktop":{"background-color":"var(--ast-global-color-4)","background-image":"","background-repeat":"repeat","background-position":"center center","background-size":"auto","background-attachment":"scroll","background-type":"","background-media":"","overlay-type":"","overlay-color":"","overlay-opacity":"","overlay-gradient":""},"tablet":{"background-color":"var(--ast-global-color-4)","background-image":"","background-repeat":"repeat","background-position":"center center","background-size":"auto","background-attachment":"scroll","background-type":"","background-media":"","overlay-type":"","overlay-color":"","overlay-opacity":"","overlay-gradient":""},"mobile":{"background-color":"var(--ast-global-color-4)","background-image":"","background-repeat":"repeat","background-position":"center center","background-size":"auto","background-attachment":"scroll","background-type":"","background-media":"","overlay-type":"","overlay-color":"","overlay-opacity":"","overlay-gradient":""}},"_joinchat":[],"footnotes":""},"class_list":["post-4174","page","type-page","status-publish","hentry"],"_links":{"self":[{"href":"https:\/\/cmjorgani.com\/DoconCall\/wp-json\/wp\/v2\/pages\/4174","targetHints":{"allow":["GET"]}}],"collection":[{"href":"https:\/\/cmjorgani.com\/DoconCall\/wp-json\/wp\/v2\/pages"}],"about":[{"href":"https:\/\/cmjorgani.com\/DoconCall\/wp-json\/wp\/v2\/types\/page"}],"author":[{"embeddable":true,"href":"https:\/\/cmjorgani.com\/DoconCall\/wp-json\/wp\/v2\/users\/8"}],"replies":[{"embeddable":true,"href":"https:\/\/cmjorgani.com\/DoconCall\/wp-json\/wp\/v2\/comments?post=4174"}],"version-history":[{"count":10,"href":"https:\/\/cmjorgani.com\/DoconCall\/wp-json\/wp\/v2\/pages\/4174\/revisions"}],"predecessor-version":[{"id":4384,"href":"https:\/\/cmjorgani.com\/DoconCall\/wp-json\/wp\/v2\/pages\/4174\/revisions\/4384"}],"wp:attachment":[{"href":"https:\/\/cmjorgani.com\/DoconCall\/wp-json\/wp\/v2\/media?parent=4174"}],"curies":[{"name":"wp","href":"https:\/\/api.w.org\/{rel}","templated":true}]}}