{"id":1182,"date":"2025-08-29T23:36:13","date_gmt":"2025-08-29T23:36:13","guid":{"rendered":"https:\/\/cmjorgani.com\/DoconCall\/?post_type=product&#038;p=1182"},"modified":"2026-04-20T18:32:38","modified_gmt":"2026-04-20T17:32:38","slug":"doconcall","status":"publish","type":"product","link":"https:\/\/cmjorgani.com\/DoconCall\/product\/doconcall\/","title":{"rendered":"DocOnCall"},"content":{"rendered":"<p><strong>Condiciones de este Bono.<\/strong><\/p>\n<ul>\n<li>Este es un producto para situaciones de salud que no requieran actuaci\u00f3n m\u00e9dica inmediata y por ende que no comprometan la vida del paciente, en ese caso usted debe de llamar al servicio nacional de emergencias 112.<\/li>\n<li>Todos los servicios que incluye este bono est\u00e1n cubiertos de forma ilimitada.<\/li>\n<li>Para consulta presencial, dirigirse a alguno de nuestros centros en el horario de atenci\u00f3n. Para consulta a domicilio, contactarnos por tel\u00e9fono, WhatsApp o correo electr\u00f3nico para concertar cita.<\/li>\n<li>No es necesario hacer una cita previa.<\/li>\n<li>Para recibir la atenci\u00f3n debe de presentar el bono que ha recibido en su correo electr\u00f3nico (no es necesario imprimirlo), su documento de identidad y su billete de vuelo para demostrar cuando entr\u00f3 en la isla.<\/li>\n<li>Incluye: cualquier procedimiento de enfermer\u00eda, inyecciones, lavados, vendajes, suturas de heridas, curas, extracci\u00f3n de cuerpos extra\u00f1os, medicaci\u00f3n o uso de material fungible, aerosoles, etc.<\/li>\n<li>Este bono<strong> no incluye<\/strong>: rayos X, colocaci\u00f3n de yesos, an\u00e1lisis de laboratorio (excepto examen de orina y glicemia capilar), interconsultas con especialistas, ecograf\u00edas, hospitalizaciones o BOX, TAC.<\/li>\n<li>Si el paciente al hacer uso del bono necesita alg\u00fan servicio m\u00e9dico o de enfermer\u00eda extra que no est\u00e1 contemplado en este bono, y quiere recibirlo en nuestro centro, previa informaci\u00f3n y costes, se le aplicar\u00e1 un descuento del 30 % de los precios que tenemos establecido para los pacientes que no se acogen a este producto de DocOnCall.<\/li>\n<\/ul>\n","protected":false},"excerpt":{"rendered":"<p><strong>1 semana (7 d\u00edas) por persona.<\/strong><\/p>\n<p><strong>Incluye:<\/strong><\/p>\n<ol>\n<li>Consultas en domicilio las 24 horas<\/li>\n<li>Consulta m\u00e9dica, en nuestros centros (interrogatorio, examen f\u00edsico, diagn\u00f3stico, recomendaciones) de 9am a 7pm todos los d\u00edas del a\u00f1o, sin cita previa.<\/li>\n<li>Videoconsulta<\/li>\n<li>Informe m\u00e9dico\u00a0\u00a0(puede solicitar copia en su lengua materna)<\/li>\n<li>Certificados m\u00e9dicos (de vuelo, laborales, de buceo)<\/li>\n<li>Revisiones<\/li>\n<li>Procedimientos de enfermer\u00eda como: inyecciones, lavados, vendajes, suturas de heridas, curas, extracci\u00f3n de cuerpos extra\u00f1os, medicaci\u00f3n parenteral para uso puntual, uso de material fungible, aerosoles, etc.<\/li>\n<\/ol>\n<p>&nbsp;<\/p>\n","protected":false},"featured_media":1459,"template":"","meta":{"site-sidebar-layout":"default","site-content-layout":"","ast-site-content-layout":"default","site-content-style":"default","site-sidebar-style":"default","ast-global-header-display":"","ast-banner-title-visibility":"","ast-main-header-display":"","ast-hfb-above-header-display":"","ast-hfb-below-header-display":"","ast-hfb-mobile-header-display":"","site-post-title":"","ast-breadcrumbs-content":"","ast-featured-img":"","footer-sml-layout":"","ast-disable-related-posts":"","theme-transparent-header-meta":"default","adv-header-id-meta":"","stick-header-meta":"default","header-above-stick-meta":"","header-main-stick-meta":"","header-below-stick-meta":"","astra-migrate-meta-layouts":"set","ast-page-background-enabled":"default","ast-page-background-meta":{"desktop":{"background-color":"var(--ast-global-color-5)","background-image":"","background-repeat":"repeat","background-position":"center center","background-size":"auto","background-attachment":"scroll","background-type":"","background-media":"","overlay-type":"","overlay-color":"","overlay-opacity":"","overlay-gradient":""},"tablet":{"background-color":"","background-image":"","background-repeat":"repeat","background-position":"center center","background-size":"auto","background-attachment":"scroll","background-type":"","background-media":"","overlay-type":"","overlay-color":"","overlay-opacity":"","overlay-gradient":""},"mobile":{"background-color":"","background-image":"","background-repeat":"repeat","background-position":"center center","background-size":"auto","background-attachment":"scroll","background-type":"","background-media":"","overlay-type":"","overlay-color":"","overlay-opacity":"","overlay-gradient":""}},"ast-content-background-meta":{"desktop":{"background-color":"var(--ast-global-color-4)","background-image":"","background-repeat":"repeat","background-position":"center center","background-size":"auto","background-attachment":"scroll","background-type":"","background-media":"","overlay-type":"","overlay-color":"","overlay-opacity":"","overlay-gradient":""},"tablet":{"background-color":"var(--ast-global-color-4)","background-image":"","background-repeat":"repeat","background-position":"center center","background-size":"auto","background-attachment":"scroll","background-type":"","background-media":"","overlay-type":"","overlay-color":"","overlay-opacity":"","overlay-gradient":""},"mobile":{"background-color":"var(--ast-global-color-4)","background-image":"","background-repeat":"repeat","background-position":"center center","background-size":"auto","background-attachment":"scroll","background-type":"","background-media":"","overlay-type":"","overlay-color":"","overlay-opacity":"","overlay-gradient":""}},"_joinchat":[]},"product_brand":[],"product_cat":[18],"product_tag":[],"class_list":{"0":"post-1182","1":"product","2":"type-product","3":"status-publish","4":"has-post-thumbnail","6":"product_cat-uncategorized","7":"desktop-align-center","8":"tablet-align-left","9":"mobile-align-left","10":"ast-product-gallery-layout-horizontal-slider","11":"ast-product-gallery-with-no-image","12":"ast-magnify-disabled","13":"ast-product-tabs-layout-horizontal","15":"first","16":"instock","17":"virtual","18":"purchasable","19":"product-type-simple"},"exclude_global_add_ons":false,"addons":[{"name":"Opcional: n\u00famero de d\u00edas adicionales que quiere a\u00f1adir al bono (1,50\u20ac\/d\u00eda)","type":"input_multiplier","position":0,"required":false,"title_format":"label","default":"","description_enable":false,"description":"","placeholder_enable":false,"placeholder":"","display":"select","restrictions_type":"any_text","adjust_price":true,"price":"1.50","price_type":"quantity_based","restrictions":true,"min":"0","max":"7","options":[],"id":1756491618}],"_links":{"self":[{"href":"https:\/\/cmjorgani.com\/DoconCall\/wp-json\/wp\/v2\/product\/1182","targetHints":{"allow":["GET"]}}],"collection":[{"href":"https:\/\/cmjorgani.com\/DoconCall\/wp-json\/wp\/v2\/product"}],"about":[{"href":"https:\/\/cmjorgani.com\/DoconCall\/wp-json\/wp\/v2\/types\/product"}],"version-history":[{"count":3,"href":"https:\/\/cmjorgani.com\/DoconCall\/wp-json\/wp\/v2\/product\/1182\/revisions"}],"predecessor-version":[{"id":4471,"href":"https:\/\/cmjorgani.com\/DoconCall\/wp-json\/wp\/v2\/product\/1182\/revisions\/4471"}],"wp:featuredmedia":[{"embeddable":true,"href":"https:\/\/cmjorgani.com\/DoconCall\/wp-json\/wp\/v2\/media\/1459"}],"wp:attachment":[{"href":"https:\/\/cmjorgani.com\/DoconCall\/wp-json\/wp\/v2\/media?parent=1182"}],"wp:term":[{"taxonomy":"product_brand","embeddable":true,"href":"https:\/\/cmjorgani.com\/DoconCall\/wp-json\/wp\/v2\/product_brand?post=1182"},{"taxonomy":"product_cat","embeddable":true,"href":"https:\/\/cmjorgani.com\/DoconCall\/wp-json\/wp\/v2\/product_cat?post=1182"},{"taxonomy":"product_tag","embeddable":true,"href":"https:\/\/cmjorgani.com\/DoconCall\/wp-json\/wp\/v2\/product_tag?post=1182"}],"curies":[{"name":"wp","href":"https:\/\/api.w.org\/{rel}","templated":true}]}}